{"id":63,"date":"2025-02-02T11:57:55","date_gmt":"2025-02-02T11:57:55","guid":{"rendered":"https:\/\/viajerosconalma.com\/?page_id=63"},"modified":"2025-03-02T19:48:33","modified_gmt":"2025-03-02T19:48:33","slug":"destinos-en-espana","status":"publish","type":"page","link":"https:\/\/viajerosconalma.com\/?page_id=63","title":{"rendered":"Destinos en Espa\u00f1a"},"content":{"rendered":"\t\t<div data-elementor-type=\"wp-page\" data-elementor-id=\"63\" class=\"elementor elementor-63\">\n\t\t\t\t<div class=\"elementor-element elementor-element-634660b e-flex e-con-boxed e-con e-parent\" data-id=\"634660b\" data-element_type=\"container\" data-e-type=\"container\">\n\t\t\t\t\t<div class=\"e-con-inner\">\n\t\t\t\t<div class=\"elementor-element elementor-element-c7a0377 elementor-widget elementor-widget-penci-featured-boxes\" data-id=\"c7a0377\" data-element_type=\"widget\" data-e-type=\"widget\" data-widget_type=\"penci-featured-boxes.default\">\n\t\t\t\t<div class=\"elementor-widget-container\">\n\t\t\t\t\t        <div class=\"clearfix home-featured-boxes home-featured-boxes-sc home-featured-boxes-vc boxes-size-square\">\n            <ul class=\"homepage-featured-boxes boxes-3-columns\">\n\t\t\t\t                        <li class=\"penci-featured-ct  boxes-has-text\">\n\t\t\t\t\t\t\t<a href=\"https:\/\/viajerosconalma.com\/?page_id=300\">                            <div class=\"penci-fea-in boxes-style-3\">\n\n                                <div  data-bgset=\"https:\/\/viajerosconalma.com\/wp-content\/uploads\/2025\/03\/castilla_leon-scaled.jpg\" class=\"penci-lazy fea-box-img penci-image-holder penci-holder-load\">\n\t\t\t\t\t\t\t\t\t                                <\/div>\n\n\n\t\t\t\t\t\t\t\t                                    <h4>\n                                        <span class=\"boxes-text\"><span>Castilla y Le\u00f3n<\/span><\/span>\n                                    <\/h4>\n\t\t\t\t\t\t\t\t                            <\/div>\n\t\t\t\t\t\t\t<\/a>                        <\/li>\n\t\t\t\t\t            <\/ul>\n        <\/div>\n\t\t\t\t\t\t<\/div>\n\t\t\t\t<\/div>\n\t\t\t\t\t<\/div>\n\t\t\t\t<\/div>\n\t\t\t\t<\/div>\n\t\t","protected":false},"excerpt":{"rendered":"<p>Castilla y Le\u00f3n<\/p>\n","protected":false},"author":1,"featured_media":100,"parent":0,"menu_order":0,"comment_status":"closed","ping_status":"closed","template":"","meta":{"content-type":"","_lmt_disableupdate":"","_lmt_disable":"","footnotes":""},"class_list":["post-63","page","type-page","status-publish","has-post-thumbnail","hentry"],"yoast_head":"<!-- This site is optimized with the Yoast SEO plugin v27.5 - https:\/\/yoast.com\/product\/yoast-seo-wordpress\/ -->\n<title>Destinos en Espa\u00f1a - Viajeros con Alma<\/title>\n<meta name=\"description\" content=\"Descubre con nosotros los mejores destinos para conocer y disfrutar Espa\u00f1a. Te aconsejamos qu\u00e9 ver y d\u00f3nde comer.\" \/>\n<meta name=\"robots\" content=\"index, follow, max-snippet:-1, max-image-preview:large, max-video-preview:-1\" \/>\n<link rel=\"canonical\" href=\"https:\/\/viajerosconalma.com\/?page_id=63\" \/>\n<meta property=\"og:locale\" content=\"es_ES\" \/>\n<meta property=\"og:type\" content=\"article\" \/>\n<meta property=\"og:title\" content=\"Destinos en Espa\u00f1a - Viajeros con Alma\" \/>\n<meta property=\"og:description\" content=\"Descubre con nosotros los mejores destinos para conocer y disfrutar Espa\u00f1a. Te aconsejamos qu\u00e9 ver y d\u00f3nde comer.\" \/>\n<meta property=\"og:url\" content=\"https:\/\/viajerosconalma.com\/?page_id=63\" \/>\n<meta property=\"og:site_name\" content=\"Viajeros con Alma\" \/>\n<meta property=\"article:modified_time\" content=\"2025-03-02T19:48:33+00:00\" \/>\n<meta name=\"twitter:card\" content=\"summary_large_image\" \/>\n<meta name=\"twitter:label1\" content=\"Tiempo de lectura\" \/>\n\t<meta name=\"twitter:data1\" content=\"1 minuto\" \/>\n<script type=\"application\/ld+json\" class=\"yoast-schema-graph\">{\"@context\":\"https:\\\/\\\/schema.org\",\"@graph\":[{\"@type\":\"WebPage\",\"@id\":\"https:\\\/\\\/viajerosconalma.com\\\/?page_id=63\",\"url\":\"https:\\\/\\\/viajerosconalma.com\\\/?page_id=63\",\"name\":\"Destinos en Espa\u00f1a - Viajeros con Alma\",\"isPartOf\":{\"@id\":\"https:\\\/\\\/viajerosconalma.com\\\/#website\"},\"primaryImageOfPage\":{\"@id\":\"https:\\\/\\\/viajerosconalma.com\\\/?page_id=63#primaryimage\"},\"image\":{\"@id\":\"https:\\\/\\\/viajerosconalma.com\\\/?page_id=63#primaryimage\"},\"thumbnailUrl\":\"https:\\\/\\\/viajerosconalma.com\\\/wp-content\\\/uploads\\\/2025\\\/02\\\/logo_viajeros_con_alma_cuadrado.png\",\"datePublished\":\"2025-02-02T11:57:55+00:00\",\"dateModified\":\"2025-03-02T19:48:33+00:00\",\"description\":\"Descubre con nosotros los mejores destinos para conocer y disfrutar Espa\u00f1a. Te aconsejamos qu\u00e9 ver y d\u00f3nde comer.\",\"breadcrumb\":{\"@id\":\"https:\\\/\\\/viajerosconalma.com\\\/?page_id=63#breadcrumb\"},\"inLanguage\":\"es\",\"potentialAction\":[{\"@type\":\"ReadAction\",\"target\":[\"https:\\\/\\\/viajerosconalma.com\\\/?page_id=63\"]}]},{\"@type\":\"ImageObject\",\"inLanguage\":\"es\",\"@id\":\"https:\\\/\\\/viajerosconalma.com\\\/?page_id=63#primaryimage\",\"url\":\"https:\\\/\\\/viajerosconalma.com\\\/wp-content\\\/uploads\\\/2025\\\/02\\\/logo_viajeros_con_alma_cuadrado.png\",\"contentUrl\":\"https:\\\/\\\/viajerosconalma.com\\\/wp-content\\\/uploads\\\/2025\\\/02\\\/logo_viajeros_con_alma_cuadrado.png\",\"width\":542,\"height\":542},{\"@type\":\"BreadcrumbList\",\"@id\":\"https:\\\/\\\/viajerosconalma.com\\\/?page_id=63#breadcrumb\",\"itemListElement\":[{\"@type\":\"ListItem\",\"position\":1,\"name\":\"Portada\",\"item\":\"https:\\\/\\\/viajerosconalma.com\\\/\"},{\"@type\":\"ListItem\",\"position\":2,\"name\":\"Destinos en Espa\u00f1a\"}]},{\"@type\":\"WebSite\",\"@id\":\"https:\\\/\\\/viajerosconalma.com\\\/#website\",\"url\":\"https:\\\/\\\/viajerosconalma.com\\\/\",\"name\":\"Viajeros con Alma\",\"description\":\"Todos los consejos para tu viaje\",\"potentialAction\":[{\"@type\":\"SearchAction\",\"target\":{\"@type\":\"EntryPoint\",\"urlTemplate\":\"https:\\\/\\\/viajerosconalma.com\\\/?s={search_term_string}\"},\"query-input\":{\"@type\":\"PropertyValueSpecification\",\"valueRequired\":true,\"valueName\":\"search_term_string\"}}],\"inLanguage\":\"es\"}]}<\/script>\n<!-- \/ Yoast SEO plugin. -->","yoast_head_json":{"title":"Destinos en Espa\u00f1a - Viajeros con Alma","description":"Descubre con nosotros los mejores destinos para conocer y disfrutar Espa\u00f1a. Te aconsejamos qu\u00e9 ver y d\u00f3nde comer.","robots":{"index":"index","follow":"follow","max-snippet":"max-snippet:-1","max-image-preview":"max-image-preview:large","max-video-preview":"max-video-preview:-1"},"canonical":"https:\/\/viajerosconalma.com\/?page_id=63","og_locale":"es_ES","og_type":"article","og_title":"Destinos en Espa\u00f1a - Viajeros con Alma","og_description":"Descubre con nosotros los mejores destinos para conocer y disfrutar Espa\u00f1a. Te aconsejamos qu\u00e9 ver y d\u00f3nde comer.","og_url":"https:\/\/viajerosconalma.com\/?page_id=63","og_site_name":"Viajeros con Alma","article_modified_time":"2025-03-02T19:48:33+00:00","twitter_card":"summary_large_image","twitter_misc":{"Tiempo de lectura":"1 minuto"},"schema":{"@context":"https:\/\/schema.org","@graph":[{"@type":"WebPage","@id":"https:\/\/viajerosconalma.com\/?page_id=63","url":"https:\/\/viajerosconalma.com\/?page_id=63","name":"Destinos en Espa\u00f1a - Viajeros con Alma","isPartOf":{"@id":"https:\/\/viajerosconalma.com\/#website"},"primaryImageOfPage":{"@id":"https:\/\/viajerosconalma.com\/?page_id=63#primaryimage"},"image":{"@id":"https:\/\/viajerosconalma.com\/?page_id=63#primaryimage"},"thumbnailUrl":"https:\/\/viajerosconalma.com\/wp-content\/uploads\/2025\/02\/logo_viajeros_con_alma_cuadrado.png","datePublished":"2025-02-02T11:57:55+00:00","dateModified":"2025-03-02T19:48:33+00:00","description":"Descubre con nosotros los mejores destinos para conocer y disfrutar Espa\u00f1a. Te aconsejamos qu\u00e9 ver y d\u00f3nde comer.","breadcrumb":{"@id":"https:\/\/viajerosconalma.com\/?page_id=63#breadcrumb"},"inLanguage":"es","potentialAction":[{"@type":"ReadAction","target":["https:\/\/viajerosconalma.com\/?page_id=63"]}]},{"@type":"ImageObject","inLanguage":"es","@id":"https:\/\/viajerosconalma.com\/?page_id=63#primaryimage","url":"https:\/\/viajerosconalma.com\/wp-content\/uploads\/2025\/02\/logo_viajeros_con_alma_cuadrado.png","contentUrl":"https:\/\/viajerosconalma.com\/wp-content\/uploads\/2025\/02\/logo_viajeros_con_alma_cuadrado.png","width":542,"height":542},{"@type":"BreadcrumbList","@id":"https:\/\/viajerosconalma.com\/?page_id=63#breadcrumb","itemListElement":[{"@type":"ListItem","position":1,"name":"Portada","item":"https:\/\/viajerosconalma.com\/"},{"@type":"ListItem","position":2,"name":"Destinos en Espa\u00f1a"}]},{"@type":"WebSite","@id":"https:\/\/viajerosconalma.com\/#website","url":"https:\/\/viajerosconalma.com\/","name":"Viajeros con Alma","description":"Todos los consejos para tu viaje","potentialAction":[{"@type":"SearchAction","target":{"@type":"EntryPoint","urlTemplate":"https:\/\/viajerosconalma.com\/?s={search_term_string}"},"query-input":{"@type":"PropertyValueSpecification","valueRequired":true,"valueName":"search_term_string"}}],"inLanguage":"es"}]}},"_links":{"self":[{"href":"https:\/\/viajerosconalma.com\/index.php?rest_route=\/wp\/v2\/pages\/63","targetHints":{"allow":["GET"]}}],"collection":[{"href":"https:\/\/viajerosconalma.com\/index.php?rest_route=\/wp\/v2\/pages"}],"about":[{"href":"https:\/\/viajerosconalma.com\/index.php?rest_route=\/wp\/v2\/types\/page"}],"author":[{"embeddable":true,"href":"https:\/\/viajerosconalma.com\/index.php?rest_route=\/wp\/v2\/users\/1"}],"replies":[{"embeddable":true,"href":"https:\/\/viajerosconalma.com\/index.php?rest_route=%2Fwp%2Fv2%2Fcomments&post=63"}],"version-history":[{"count":16,"href":"https:\/\/viajerosconalma.com\/index.php?rest_route=\/wp\/v2\/pages\/63\/revisions"}],"predecessor-version":[{"id":330,"href":"https:\/\/viajerosconalma.com\/index.php?rest_route=\/wp\/v2\/pages\/63\/revisions\/330"}],"wp:featuredmedia":[{"embeddable":true,"href":"https:\/\/viajerosconalma.com\/index.php?rest_route=\/wp\/v2\/media\/100"}],"wp:attachment":[{"href":"https:\/\/viajerosconalma.com\/index.php?rest_route=%2Fwp%2Fv2%2Fmedia&parent=63"}],"curies":[{"name":"wp","href":"https:\/\/api.w.org\/{rel}","templated":true}]}}