{"id":203,"date":"2025-02-27T18:31:41","date_gmt":"2025-02-27T18:31:41","guid":{"rendered":"https:\/\/viajerosconalma.com\/?page_id=203"},"modified":"2025-03-02T18:46:40","modified_gmt":"2025-03-02T18:46:40","slug":"destinos-en-asia","status":"publish","type":"page","link":"https:\/\/viajerosconalma.com\/?page_id=203","title":{"rendered":"Destinos en Asia"},"content":{"rendered":"","protected":false},"excerpt":{"rendered":"","protected":false},"author":1,"featured_media":100,"parent":0,"menu_order":0,"comment_status":"closed","ping_status":"closed","template":"","meta":{"content-type":"","_lmt_disableupdate":"","_lmt_disable":"","footnotes":""},"class_list":["post-203","page","type-page","status-publish","has-post-thumbnail","hentry"],"yoast_head":"<!-- This site is optimized with the Yoast SEO plugin v27.4 - https:\/\/yoast.com\/product\/yoast-seo-wordpress\/ -->\n<title>Destinos en Asia - Viajeros con Alma<\/title>\n<meta name=\"description\" content=\"Descubre con nosotros los destinos que hemos visitado en el continente asi\u00e1tico. Te aconsejamos qu\u00e9 ver y d\u00f3nde comer.\" \/>\n<meta name=\"robots\" content=\"index, follow, max-snippet:-1, max-image-preview:large, max-video-preview:-1\" \/>\n<link rel=\"canonical\" href=\"https:\/\/viajerosconalma.com\/?page_id=203\" \/>\n<meta property=\"og:locale\" content=\"es_ES\" \/>\n<meta property=\"og:type\" content=\"article\" \/>\n<meta property=\"og:title\" content=\"Destinos en Asia - Viajeros con Alma\" \/>\n<meta property=\"og:description\" content=\"Descubre con nosotros los destinos que hemos visitado en el continente asi\u00e1tico. Te aconsejamos qu\u00e9 ver y d\u00f3nde comer.\" \/>\n<meta property=\"og:url\" content=\"https:\/\/viajerosconalma.com\/?page_id=203\" \/>\n<meta property=\"og:site_name\" content=\"Viajeros con Alma\" \/>\n<meta property=\"article:modified_time\" content=\"2025-03-02T18:46:40+00:00\" \/>\n<meta name=\"twitter:card\" content=\"summary_large_image\" \/>\n<script type=\"application\/ld+json\" class=\"yoast-schema-graph\">{\"@context\":\"https:\\\/\\\/schema.org\",\"@graph\":[{\"@type\":\"WebPage\",\"@id\":\"https:\\\/\\\/viajerosconalma.com\\\/?page_id=203\",\"url\":\"https:\\\/\\\/viajerosconalma.com\\\/?page_id=203\",\"name\":\"Destinos en Asia - Viajeros con Alma\",\"isPartOf\":{\"@id\":\"https:\\\/\\\/viajerosconalma.com\\\/#website\"},\"primaryImageOfPage\":{\"@id\":\"https:\\\/\\\/viajerosconalma.com\\\/?page_id=203#primaryimage\"},\"image\":{\"@id\":\"https:\\\/\\\/viajerosconalma.com\\\/?page_id=203#primaryimage\"},\"thumbnailUrl\":\"https:\\\/\\\/viajerosconalma.com\\\/wp-content\\\/uploads\\\/2025\\\/02\\\/logo_viajeros_con_alma_cuadrado.png\",\"datePublished\":\"2025-02-27T18:31:41+00:00\",\"dateModified\":\"2025-03-02T18:46:40+00:00\",\"description\":\"Descubre con nosotros los destinos que hemos visitado en el continente asi\u00e1tico. Te aconsejamos qu\u00e9 ver y d\u00f3nde comer.\",\"breadcrumb\":{\"@id\":\"https:\\\/\\\/viajerosconalma.com\\\/?page_id=203#breadcrumb\"},\"inLanguage\":\"es\",\"potentialAction\":[{\"@type\":\"ReadAction\",\"target\":[\"https:\\\/\\\/viajerosconalma.com\\\/?page_id=203\"]}]},{\"@type\":\"ImageObject\",\"inLanguage\":\"es\",\"@id\":\"https:\\\/\\\/viajerosconalma.com\\\/?page_id=203#primaryimage\",\"url\":\"https:\\\/\\\/viajerosconalma.com\\\/wp-content\\\/uploads\\\/2025\\\/02\\\/logo_viajeros_con_alma_cuadrado.png\",\"contentUrl\":\"https:\\\/\\\/viajerosconalma.com\\\/wp-content\\\/uploads\\\/2025\\\/02\\\/logo_viajeros_con_alma_cuadrado.png\",\"width\":542,\"height\":542},{\"@type\":\"BreadcrumbList\",\"@id\":\"https:\\\/\\\/viajerosconalma.com\\\/?page_id=203#breadcrumb\",\"itemListElement\":[{\"@type\":\"ListItem\",\"position\":1,\"name\":\"Portada\",\"item\":\"https:\\\/\\\/viajerosconalma.com\\\/\"},{\"@type\":\"ListItem\",\"position\":2,\"name\":\"Destinos en Asia\"}]},{\"@type\":\"WebSite\",\"@id\":\"https:\\\/\\\/viajerosconalma.com\\\/#website\",\"url\":\"https:\\\/\\\/viajerosconalma.com\\\/\",\"name\":\"Viajeros con Alma\",\"description\":\"Todos los consejos para tu viaje\",\"potentialAction\":[{\"@type\":\"SearchAction\",\"target\":{\"@type\":\"EntryPoint\",\"urlTemplate\":\"https:\\\/\\\/viajerosconalma.com\\\/?s={search_term_string}\"},\"query-input\":{\"@type\":\"PropertyValueSpecification\",\"valueRequired\":true,\"valueName\":\"search_term_string\"}}],\"inLanguage\":\"es\"}]}<\/script>\n<!-- \/ Yoast SEO plugin. -->","yoast_head_json":{"title":"Destinos en Asia - Viajeros con Alma","description":"Descubre con nosotros los destinos que hemos visitado en el continente asi\u00e1tico. Te aconsejamos qu\u00e9 ver y d\u00f3nde comer.","robots":{"index":"index","follow":"follow","max-snippet":"max-snippet:-1","max-image-preview":"max-image-preview:large","max-video-preview":"max-video-preview:-1"},"canonical":"https:\/\/viajerosconalma.com\/?page_id=203","og_locale":"es_ES","og_type":"article","og_title":"Destinos en Asia - Viajeros con Alma","og_description":"Descubre con nosotros los destinos que hemos visitado en el continente asi\u00e1tico. Te aconsejamos qu\u00e9 ver y d\u00f3nde comer.","og_url":"https:\/\/viajerosconalma.com\/?page_id=203","og_site_name":"Viajeros con Alma","article_modified_time":"2025-03-02T18:46:40+00:00","twitter_card":"summary_large_image","schema":{"@context":"https:\/\/schema.org","@graph":[{"@type":"WebPage","@id":"https:\/\/viajerosconalma.com\/?page_id=203","url":"https:\/\/viajerosconalma.com\/?page_id=203","name":"Destinos en Asia - Viajeros con Alma","isPartOf":{"@id":"https:\/\/viajerosconalma.com\/#website"},"primaryImageOfPage":{"@id":"https:\/\/viajerosconalma.com\/?page_id=203#primaryimage"},"image":{"@id":"https:\/\/viajerosconalma.com\/?page_id=203#primaryimage"},"thumbnailUrl":"https:\/\/viajerosconalma.com\/wp-content\/uploads\/2025\/02\/logo_viajeros_con_alma_cuadrado.png","datePublished":"2025-02-27T18:31:41+00:00","dateModified":"2025-03-02T18:46:40+00:00","description":"Descubre con nosotros los destinos que hemos visitado en el continente asi\u00e1tico. Te aconsejamos qu\u00e9 ver y d\u00f3nde comer.","breadcrumb":{"@id":"https:\/\/viajerosconalma.com\/?page_id=203#breadcrumb"},"inLanguage":"es","potentialAction":[{"@type":"ReadAction","target":["https:\/\/viajerosconalma.com\/?page_id=203"]}]},{"@type":"ImageObject","inLanguage":"es","@id":"https:\/\/viajerosconalma.com\/?page_id=203#primaryimage","url":"https:\/\/viajerosconalma.com\/wp-content\/uploads\/2025\/02\/logo_viajeros_con_alma_cuadrado.png","contentUrl":"https:\/\/viajerosconalma.com\/wp-content\/uploads\/2025\/02\/logo_viajeros_con_alma_cuadrado.png","width":542,"height":542},{"@type":"BreadcrumbList","@id":"https:\/\/viajerosconalma.com\/?page_id=203#breadcrumb","itemListElement":[{"@type":"ListItem","position":1,"name":"Portada","item":"https:\/\/viajerosconalma.com\/"},{"@type":"ListItem","position":2,"name":"Destinos en Asia"}]},{"@type":"WebSite","@id":"https:\/\/viajerosconalma.com\/#website","url":"https:\/\/viajerosconalma.com\/","name":"Viajeros con Alma","description":"Todos los consejos para tu viaje","potentialAction":[{"@type":"SearchAction","target":{"@type":"EntryPoint","urlTemplate":"https:\/\/viajerosconalma.com\/?s={search_term_string}"},"query-input":{"@type":"PropertyValueSpecification","valueRequired":true,"valueName":"search_term_string"}}],"inLanguage":"es"}]}},"_links":{"self":[{"href":"https:\/\/viajerosconalma.com\/index.php?rest_route=\/wp\/v2\/pages\/203","targetHints":{"allow":["GET"]}}],"collection":[{"href":"https:\/\/viajerosconalma.com\/index.php?rest_route=\/wp\/v2\/pages"}],"about":[{"href":"https:\/\/viajerosconalma.com\/index.php?rest_route=\/wp\/v2\/types\/page"}],"author":[{"embeddable":true,"href":"https:\/\/viajerosconalma.com\/index.php?rest_route=\/wp\/v2\/users\/1"}],"replies":[{"embeddable":true,"href":"https:\/\/viajerosconalma.com\/index.php?rest_route=%2Fwp%2Fv2%2Fcomments&post=203"}],"version-history":[{"count":1,"href":"https:\/\/viajerosconalma.com\/index.php?rest_route=\/wp\/v2\/pages\/203\/revisions"}],"predecessor-version":[{"id":204,"href":"https:\/\/viajerosconalma.com\/index.php?rest_route=\/wp\/v2\/pages\/203\/revisions\/204"}],"wp:featuredmedia":[{"embeddable":true,"href":"https:\/\/viajerosconalma.com\/index.php?rest_route=\/wp\/v2\/media\/100"}],"wp:attachment":[{"href":"https:\/\/viajerosconalma.com\/index.php?rest_route=%2Fwp%2Fv2%2Fmedia&parent=203"}],"curies":[{"name":"wp","href":"https:\/\/api.w.org\/{rel}","templated":true}]}}